{"id":790,"date":"2025-04-25T10:13:20","date_gmt":"2025-04-25T10:13:20","guid":{"rendered":"https:\/\/hipicasolsolet.com\/classes\/classes-per-a-adults\/"},"modified":"2025-05-15T11:06:13","modified_gmt":"2025-05-15T11:06:13","slug":"classes-per-a-adults","status":"publish","type":"page","link":"https:\/\/hipicasolsolet.com\/ca\/classes\/classes-per-a-adults\/","title":{"rendered":"Classes per a Adults"},"content":{"rendered":"\t\t<div data-elementor-type=\"wp-page\" data-elementor-id=\"790\" class=\"elementor elementor-790 elementor-14\" data-elementor-post-type=\"page\">\n\t\t\t\t<div class=\"elementor-element elementor-element-304e351 e-con-full e-flex e-con e-parent\" data-id=\"304e351\" data-element_type=\"container\" data-e-type=\"container\" data-settings=\"{&quot;background_background&quot;:&quot;classic&quot;}\">\n\t\t\t\t<div class=\"elementor-element elementor-element-8f62dc1 elementor-widget elementor-widget-heading\" data-id=\"8f62dc1\" data-element_type=\"widget\" data-e-type=\"widget\" data-widget_type=\"heading.default\">\n\t\t\t\t<div class=\"elementor-widget-container\">\n\t\t\t\t\t<h1 class=\"elementor-heading-title elementor-size-default\">Equitaci\u00f3 per a adults\n\n<p><p> Per a tots els nivells i edats\n<\/h1>\t\t\t\t<\/div>\n\t\t\t\t<\/div>\n\t\t\t\t<\/div>\n\t\t<div class=\"elementor-element elementor-element-c6e2bdb e-flex e-con-boxed e-con e-parent\" data-id=\"c6e2bdb\" data-element_type=\"container\" data-e-type=\"container\">\n\t\t\t\t\t<div class=\"e-con-inner\">\n\t\t\t\t<div class=\"elementor-element elementor-element-a9856ec elementor-widget elementor-widget-text-editor\" data-id=\"a9856ec\" data-element_type=\"widget\" data-e-type=\"widget\" data-widget_type=\"text-editor.default\">\n\t\t\t\t<div class=\"elementor-widget-container\">\n\t\t\t\t\t\t\t\t\t<h2 id=\"classes-para-adultos\">Classes per a adults<\/h2><p>Entenem que els adults busquen coses concretes al m\u00f3n de l&#8217;equitaci\u00f3, per aix\u00f2 el centre ofereix classes a tots els nivells i edats, caracter\u00edstiques, peticions i necessitats, amb cavall propi o un del centre.<\/p><ul><li>Per a qui busca nous reptes, tu poses els l\u00edmits;<\/li><li>Pel que necessita relaxar-se, un bon passeig per Collserola;<\/li><li>Per trencar amb la monotonia, cada classe \u00e9s diferent;<\/li><li>Si competeixes i el que busques \u00e9s perfeccionar o simplement per gaudir\u2026<\/li><\/ul>\t\t\t\t\t\t\t\t<\/div>\n\t\t\t\t<\/div>\n\t\t\t\t<div class=\"elementor-element elementor-element-eb1c890 elementor-position-inline-start elementor-view-default elementor-mobile-position-block-start elementor-widget elementor-widget-icon-box\" data-id=\"eb1c890\" data-element_type=\"widget\" data-e-type=\"widget\" data-widget_type=\"icon-box.default\">\n\t\t\t\t<div class=\"elementor-widget-container\">\n\t\t\t\t\t\t\t<div class=\"elementor-icon-box-wrapper\">\n\n\t\t\t\t\t\t<div class=\"elementor-icon-box-icon\">\n\t\t\t\t<span  class=\"elementor-icon\">\n\t\t\t\t<i aria-hidden=\"true\" class=\"far fa-clock\"><\/i>\t\t\t\t<\/span>\n\t\t\t<\/div>\n\t\t\t\n\t\t\t\t\t\t<div class=\"elementor-icon-box-content\">\n\n\t\t\t\t\t\t\t\t\t<h3 class=\"elementor-icon-box-title\">\n\t\t\t\t\t\t<span  >\n\t\t\t\t\t\t\tHorari\t\t\t\t\t\t<\/span>\n\t\t\t\t\t<\/h3>\n\t\t\t\t\n\t\t\t\t\t\t\t\t\t<p class=\"elementor-icon-box-description\">\n\t\t\t\t\t\t<b>Dimarts a divendres:<\/b> a les tardes<br> <b>Dissabte:<\/b> matins\n<p>\n Per concretar l'horari que s'adapti a tu envieu <strong>whatsapp al n\u00famero 619 710 598<\/strong> o escriviu <strong>email a mariecce@hotmail.com<\/strong>\t\t\t\t\t<\/p>\n\t\t\t\t\n\t\t\t<\/div>\n\t\t\t\n\t\t<\/div>\n\t\t\t\t\t\t<\/div>\n\t\t\t\t<\/div>\n\t\t\t\t\t<\/div>\n\t\t\t\t<\/div>\n\t\t<div class=\"elementor-element elementor-element-c53375e e-flex e-con-boxed e-con e-parent\" data-id=\"c53375e\" data-element_type=\"container\" data-e-type=\"container\">\n\t\t\t\t\t<div class=\"e-con-inner\">\n\t\t\t\t<div class=\"elementor-element elementor-element-a034f2b elementor-widget elementor-widget-gallery\" data-id=\"a034f2b\" data-element_type=\"widget\" data-e-type=\"widget\" data-settings=\"{&quot;columns&quot;:3,&quot;aspect_ratio&quot;:&quot;4:3&quot;,&quot;lazyload&quot;:&quot;yes&quot;,&quot;gallery_layout&quot;:&quot;grid&quot;,&quot;columns_tablet&quot;:2,&quot;columns_mobile&quot;:1,&quot;gap&quot;:{&quot;unit&quot;:&quot;px&quot;,&quot;size&quot;:10,&quot;sizes&quot;:[]},&quot;gap_tablet&quot;:{&quot;unit&quot;:&quot;px&quot;,&quot;size&quot;:10,&quot;sizes&quot;:[]},&quot;gap_mobile&quot;:{&quot;unit&quot;:&quot;px&quot;,&quot;size&quot;:10,&quot;sizes&quot;:[]},&quot;link_to&quot;:&quot;file&quot;,&quot;overlay_background&quot;:&quot;yes&quot;,&quot;content_hover_animation&quot;:&quot;fade-in&quot;}\" data-widget_type=\"gallery.default\">\n\t\t\t\t<div class=\"elementor-widget-container\">\n\t\t\t\t\t\t\t<div class=\"elementor-gallery__container\">\n\t\t\t\t\t\t\t<a class=\"e-gallery-item elementor-gallery-item elementor-animated-content\" href=\"https:\/\/hipicasolsolet.com\/wp-content\/uploads\/2025\/05\/adults.jpg\" data-elementor-open-lightbox=\"yes\" data-elementor-lightbox-slideshow=\"a034f2b\" data-elementor-lightbox-title=\"adults\" data-e-action-hash=\"#elementor-action%3Aaction%3Dlightbox%26settings%3DeyJpZCI6NDUyLCJ1cmwiOiJodHRwczpcL1wvaGlwaWNhc29sc29sZXQuY29tXC93cC1jb250ZW50XC91cGxvYWRzXC8yMDI1XC8wNVwvYWR1bHRzLmpwZyIsInNsaWRlc2hvdyI6ImEwMzRmMmIifQ%3D%3D\">\n\t\t\t\t\t<div class=\"e-gallery-image elementor-gallery-item__image\" data-thumbnail=\"https:\/\/hipicasolsolet.com\/wp-content\/uploads\/2025\/05\/adults-768x487.jpg\" data-width=\"768\" data-height=\"487\" aria-label=\"\" role=\"img\" ><\/div>\n\t\t\t\t\t\t\t\t\t\t\t<div class=\"elementor-gallery-item__overlay\"><\/div>\n\t\t\t\t\t\t\t\t\t\t\t\t\t\t<\/a>\n\t\t\t\t\t\t\t<a class=\"e-gallery-item elementor-gallery-item elementor-animated-content\" href=\"https:\/\/hipicasolsolet.com\/wp-content\/uploads\/2025\/05\/adults2-scaled.jpg\" data-elementor-open-lightbox=\"yes\" data-elementor-lightbox-slideshow=\"a034f2b\" data-elementor-lightbox-title=\"adults2\" data-e-action-hash=\"#elementor-action%3Aaction%3Dlightbox%26settings%3DeyJpZCI6NDUzLCJ1cmwiOiJodHRwczpcL1wvaGlwaWNhc29sc29sZXQuY29tXC93cC1jb250ZW50XC91cGxvYWRzXC8yMDI1XC8wNVwvYWR1bHRzMi1zY2FsZWQuanBnIiwic2xpZGVzaG93IjoiYTAzNGYyYiJ9\">\n\t\t\t\t\t<div class=\"e-gallery-image elementor-gallery-item__image\" data-thumbnail=\"https:\/\/hipicasolsolet.com\/wp-content\/uploads\/2025\/05\/adults2-768x512.jpg\" data-width=\"768\" data-height=\"512\" aria-label=\"\" role=\"img\" ><\/div>\n\t\t\t\t\t\t\t\t\t\t\t<div class=\"elementor-gallery-item__overlay\"><\/div>\n\t\t\t\t\t\t\t\t\t\t\t\t\t\t<\/a>\n\t\t\t\t\t\t\t<a class=\"e-gallery-item elementor-gallery-item elementor-animated-content\" href=\"https:\/\/hipicasolsolet.com\/wp-content\/uploads\/2025\/05\/adults5-scaled.jpg\" data-elementor-open-lightbox=\"yes\" data-elementor-lightbox-slideshow=\"a034f2b\" data-elementor-lightbox-title=\"adults5\" data-e-action-hash=\"#elementor-action%3Aaction%3Dlightbox%26settings%3DeyJpZCI6NDU0LCJ1cmwiOiJodHRwczpcL1wvaGlwaWNhc29sc29sZXQuY29tXC93cC1jb250ZW50XC91cGxvYWRzXC8yMDI1XC8wNVwvYWR1bHRzNS1zY2FsZWQuanBnIiwic2xpZGVzaG93IjoiYTAzNGYyYiJ9\">\n\t\t\t\t\t<div class=\"e-gallery-image elementor-gallery-item__image\" data-thumbnail=\"https:\/\/hipicasolsolet.com\/wp-content\/uploads\/2025\/05\/adults5-768x512.jpg\" data-width=\"768\" data-height=\"512\" aria-label=\"\" role=\"img\" ><\/div>\n\t\t\t\t\t\t\t\t\t\t\t<div class=\"elementor-gallery-item__overlay\"><\/div>\n\t\t\t\t\t\t\t\t\t\t\t\t\t\t<\/a>\n\t\t\t\t\t<\/div>\n\t\t\t\t\t<\/div>\n\t\t\t\t<\/div>\n\t\t\t\t\t<\/div>\n\t\t\t\t<\/div>\n\t\t\t\t<\/div>\n\t\t","protected":false},"excerpt":{"rendered":"<p>Equitaci\u00f3 per a adults Per a tots els nivells i edats Classes per a adults Entenem que els adults busquen coses concretes al m\u00f3n de l&#8217;equitaci\u00f3, per aix\u00f2 el centre ofereix classes a tots els nivells i edats, caracter\u00edstiques, peticions i necessitats, amb cavall propi o un del centre. Per a qui busca nous reptes, [&hellip;]<\/p>\n","protected":false},"author":1,"featured_media":0,"parent":761,"menu_order":0,"comment_status":"closed","ping_status":"closed","template":"","meta":{"footnotes":""},"class_list":["post-790","page","type-page","status-publish","hentry"],"_links":{"self":[{"href":"https:\/\/hipicasolsolet.com\/ca\/wp-json\/wp\/v2\/pages\/790","targetHints":{"allow":["GET"]}}],"collection":[{"href":"https:\/\/hipicasolsolet.com\/ca\/wp-json\/wp\/v2\/pages"}],"about":[{"href":"https:\/\/hipicasolsolet.com\/ca\/wp-json\/wp\/v2\/types\/page"}],"author":[{"embeddable":true,"href":"https:\/\/hipicasolsolet.com\/ca\/wp-json\/wp\/v2\/users\/1"}],"replies":[{"embeddable":true,"href":"https:\/\/hipicasolsolet.com\/ca\/wp-json\/wp\/v2\/comments?post=790"}],"version-history":[{"count":1,"href":"https:\/\/hipicasolsolet.com\/ca\/wp-json\/wp\/v2\/pages\/790\/revisions"}],"predecessor-version":[{"id":791,"href":"https:\/\/hipicasolsolet.com\/ca\/wp-json\/wp\/v2\/pages\/790\/revisions\/791"}],"up":[{"embeddable":true,"href":"https:\/\/hipicasolsolet.com\/ca\/wp-json\/wp\/v2\/pages\/761"}],"wp:attachment":[{"href":"https:\/\/hipicasolsolet.com\/ca\/wp-json\/wp\/v2\/media?parent=790"}],"curies":[{"name":"wp","href":"https:\/\/api.w.org\/{rel}","templated":true}]}}