{"id":775,"date":"2025-04-25T10:15:05","date_gmt":"2025-04-25T10:15:05","guid":{"rendered":"https:\/\/hipicasolsolet.com\/equinoterapia\/"},"modified":"2025-05-15T11:05:40","modified_gmt":"2025-05-15T11:05:40","slug":"equinoterapia","status":"publish","type":"page","link":"https:\/\/hipicasolsolet.com\/ca\/equinoterapia\/","title":{"rendered":"Equinoter\u00e0pia"},"content":{"rendered":"\t\t<div data-elementor-type=\"wp-page\" data-elementor-id=\"775\" class=\"elementor elementor-775 elementor-19\" data-elementor-post-type=\"page\">\n\t\t\t\t<div class=\"elementor-element elementor-element-0118ab1 e-con-full e-flex e-con e-parent\" data-id=\"0118ab1\" data-element_type=\"container\" data-e-type=\"container\" data-settings=\"{&quot;background_background&quot;:&quot;classic&quot;}\">\n\t\t\t\t<div class=\"elementor-element elementor-element-e6ad4d3 elementor-widget elementor-widget-heading\" data-id=\"e6ad4d3\" data-element_type=\"widget\" data-e-type=\"widget\" data-widget_type=\"heading.default\">\n\t\t\t\t<div class=\"elementor-widget-container\">\n\t\t\t\t\t<h1 class=\"elementor-heading-title elementor-size-default\">\nEquinoter\u00e0pia\n\n<p><p> Millora l'equilibri, la mobilitat, la comunicaci\u00f3 i el comportament\n<\/h1>\t\t\t\t<\/div>\n\t\t\t\t<\/div>\n\t\t\t\t<\/div>\n\t\t<div class=\"elementor-element elementor-element-cef2737 e-flex e-con-boxed e-con e-parent\" data-id=\"cef2737\" data-element_type=\"container\" data-e-type=\"container\">\n\t\t\t\t\t<div class=\"e-con-inner\">\n\t\t\t\t<div class=\"elementor-element elementor-element-660a930 elementor-widget elementor-widget-text-editor\" data-id=\"660a930\" data-element_type=\"widget\" data-e-type=\"widget\" data-widget_type=\"text-editor.default\">\n\t\t\t\t<div class=\"elementor-widget-container\">\n\t\t\t\t\t\t\t\t\t<div class=\"inner \"><h2 id=\"qu\u00e9-es\">\u00bf Qu\u00e8 \u00e9s?<\/h2><p>L&#8217;equinoter\u00e0pia \u00e9s una t\u00e8cnica avan\u00e7ada que trobar\u00e0s al Sol Solet. Millora l&#8217;equilibri, la mobilitat i la comunicaci\u00f3 i el comportament. Fem classes individualitzades, o amb grups redu\u00efts, totalment adaptats a les possibilitats.  <\/p><p>SI vols con\u00e8ixer m\u00e9s sobre l&#8217;equinoeter\u00e0pia, el nostre fisioterapeuta Ricard Barn\u00e9s t&#8217;explica amb tot luxe de detall qu\u00e8 \u00e9s, qu\u00e8 es treballa i quins efectes positius estimula!<\/p><p>\u201cL&#8217;equinoter\u00e0pia \u00e9s un recurs que ens permet aprofitar la relaci\u00f3 amb el cavall com a mediador terap\u00e8utic.<\/p><p>El fet de muntar el cavall trenca l&#8217;a\u00efllament de la persona i crea un vincle amb l&#8217;animal. Es produeix aix\u00ed una reacci\u00f3 que no nom\u00e9s \u00e9s muscular, sin\u00f3 tamb\u00e9 sensorial. Afecta tot el cos de la persona, que experimenta una sensaci\u00f3 global.  <\/p><p>La persona s&#8217;exposa amb el cavall al pas a moviments similars als que fa el cos hum\u00e0 en caminar servint com a patr\u00f3 d&#8217;estimulaci\u00f3 per habilitar o rehabilitar la marxa.<\/p><h2 id=\"beneficios\">Beneficis<\/h2><p>A nivell f\u00edsic, l&#8217;equinoter\u00e0pia fa possible treballar l&#8217;equilibri i la mobilitat, per\u00f2 tamb\u00e9 actua en altres \u00e0mbits com el de la comunicaci\u00f3 i el comportament (establint un codi de comunicaci\u00f3 amb el cavall i unes normes d&#8217;actuaci\u00f3 davant de l&#8217;animal).<\/p><p>Muntant a cavall s&#8217;aconsegueix superar la por, millorar la confian\u00e7a i la capacitat de concentraci\u00f3 alhora que permet reduir les tensions, inhibicions f\u00edsiques i emocionals.<\/p><p>L&#8217;equinoter\u00e0pia \u00e9s un tractament alternatiu i complementari a altres tractaments que es facin servir habitualment.<\/p><p>En general, amb aquesta ter\u00e0pia s&#8217;han observat:<\/p><ul><li>Efectes fisiol\u00f2gics: Augment de la capacitat de percepci\u00f3 d&#8217;est\u00edmuls, en trobar-se en una situaci\u00f3 de moviment.<\/li><li>Efectes ps\u00edquics: S&#8217;estimula l&#8217;atenci\u00f3, la concentraci\u00f3 i la motivaci\u00f3 davant de diferents moviments i posicions a sobre del cavall. \u00c9s fonamental l&#8217;augment de l&#8217;autoestima i la seguretat en si mateix. <\/li><li>Efectes f\u00edsics: El cavall t\u00e9 una temperatura corporal i un volum molt superior al de l&#8217;home, aix\u00f2 suposa una important transmissi\u00f3 de calor i seguretat en ser abra\u00e7at i tocat pel nen.\u201d<\/li><\/ul><h2 id=\"c\u00f3mo-trabajamos\">Com treballem<\/h2><p>La nostra manera de treballar:<\/p><p>Valorant tots els beneficis de l&#8217;equinoter\u00e0pia a l&#8217;h\u00edpica treballem sota dos conceptes.<\/p><ol><li><p><strong>Equitaci\u00f3 adaptada:<\/strong> Grups redu\u00efts de persones amb problem\u00e0tiques comunes, on es treballa i estimula la socialitzaci\u00f3, a part de l&#8217;evoluci\u00f3 cap a una equitaci\u00f3 el m\u00e9s normalitzada possible segons el nivell.<\/p><\/li><li><p><strong>Equinoter\u00e0pia:<\/strong> Classes individualitzades totalment adaptades a les possibilitats i necessitats de la persona concreta, atenent des de persones i nens amb Par\u00e0lisi cerebral, autisme, trastorns del comportament, hemiplegies\u2026<\/p><\/li><\/ol><p>Sempre amb una valoraci\u00f3 pr\u00e8via per estudiar els beneficis i el tipus de ter\u00e0pia que millor s&#8217;adapta a cada nen o persona. Segons les necessitats especifiques, de vegades es treballa en grups de dos alumnes. <\/p><p>Majorit\u00e0riament treballem amb ponis ja que pensem que per aconseguir el m\u00e0xim benefici terap\u00e8utic no nom\u00e9s l&#8217;alumne s&#8217;ha d&#8217;adaptar al cavall, sin\u00f3 que per establir una bona relaci\u00f3 i tractament segons les necessitats del nen, el cavall ha de tenir unes caracter\u00edstiques espec\u00edfiques que proporcioni l&#8217;estimulaci\u00f3 espec\u00edfica per a la ter\u00e0pia m\u00e9s adaptada.<\/p><h2 id=\"monitor\">Monitor<\/h2><div class=\"members\"><div class=\"inner\"><div class=\"member__pic member__pic__equino\"><img decoding=\"async\" class=\"\" src=\"https:\/\/hipicasolsolet.com\/assets\/images\/equipo\/ricard-barnes.jpg\" alt=\"\" width=\"160\" height=\"160\"><\/div><div class=\"member__name\"><h3>Ricard Barnes Torras<\/h3><\/div><div class=\"member__rol\">S&#8217;encarrega de les classes d&#8217;equinoter\u00e0pia.<\/div><div class=\"member__titles\"><p><strong>T\u00edtols:<\/strong><\/p><ul><li>Fisioterapeuta n\u00fam.col 1619<\/li><li>Osteopata<\/li><li>Post grau en traumatologia<\/li><li>Post grau en fisioter\u00e0pia pedi\u00e0trica<\/li><li>Post grau en fisioter\u00e0pia reumatol\u00f2gica<\/li><li>Curs sobre m\u00e8tode teach (per a autisme)<\/li><li>6 anys d&#8217;experi\u00e8ncia en equinoter\u00e0pia amb nens amb patologies i dificultats diferents.<\/li><li>15 anys d&#8217;experi\u00e8ncia com a fisioterapeuta de nens amb diferents discapacitats (al centre d&#8217;educaci\u00f3 especial).<\/li><\/ul><\/div><div class=\"member__languages\"><strong>Idiomes:<\/strong> Catal\u00e0, castell\u00e0 i franc\u00e8s<\/div><\/div><\/div><div class=\"gallery\"><div class=\"gallery__item\"><a class=\"cbox gal-01 cboxElement\" title=\"\" href=\"https:\/\/hipicasolsolet.com\/assets\/images\/big\/equinoterapia.jpg\"><img decoding=\"async\" src=\"https:\/\/hipicasolsolet.com\/assets\/images\/cb-480crop\/equinoterapia.jpg.jpg\" srcset=\"\/assets\/images\/cb-480\/equinoterapia.jpg 480w, \/assets\/images\/cb-700\/equinoterapia.jpg 767w, \/assets\/images\/cb-480crop\/equinoterapia.jpg 768w\" alt=\"\"><\/a><\/div><div class=\"gallery__item\"> <\/div><\/div><\/div>\t\t\t\t\t\t\t\t<\/div>\n\t\t\t\t<\/div>\n\t\t\t\t\t<\/div>\n\t\t\t\t<\/div>\n\t\t<div class=\"elementor-element elementor-element-84bd6d0 e-flex e-con-boxed e-con e-parent\" data-id=\"84bd6d0\" data-element_type=\"container\" data-e-type=\"container\">\n\t\t\t\t\t<div class=\"e-con-inner\">\n\t\t\t\t<div class=\"elementor-element elementor-element-5303495 elementor-widget elementor-widget-gallery\" data-id=\"5303495\" data-element_type=\"widget\" data-e-type=\"widget\" data-settings=\"{&quot;columns&quot;:2,&quot;aspect_ratio&quot;:&quot;4:3&quot;,&quot;lazyload&quot;:&quot;yes&quot;,&quot;gallery_layout&quot;:&quot;grid&quot;,&quot;columns_tablet&quot;:2,&quot;columns_mobile&quot;:1,&quot;gap&quot;:{&quot;unit&quot;:&quot;px&quot;,&quot;size&quot;:10,&quot;sizes&quot;:[]},&quot;gap_tablet&quot;:{&quot;unit&quot;:&quot;px&quot;,&quot;size&quot;:10,&quot;sizes&quot;:[]},&quot;gap_mobile&quot;:{&quot;unit&quot;:&quot;px&quot;,&quot;size&quot;:10,&quot;sizes&quot;:[]},&quot;link_to&quot;:&quot;file&quot;,&quot;overlay_background&quot;:&quot;yes&quot;,&quot;content_hover_animation&quot;:&quot;fade-in&quot;}\" data-widget_type=\"gallery.default\">\n\t\t\t\t<div class=\"elementor-widget-container\">\n\t\t\t\t\t\t\t<div class=\"elementor-gallery__container\">\n\t\t\t\t\t\t\t<a class=\"e-gallery-item elementor-gallery-item elementor-animated-content\" href=\"https:\/\/hipicasolsolet.com\/wp-content\/uploads\/2025\/05\/equinoterapia.jpg\" data-elementor-open-lightbox=\"yes\" data-elementor-lightbox-slideshow=\"5303495\" data-elementor-lightbox-title=\"equinoterapia\" data-e-action-hash=\"#elementor-action%3Aaction%3Dlightbox%26settings%3DeyJpZCI6MjU5LCJ1cmwiOiJodHRwczpcL1wvaGlwaWNhc29sc29sZXQuY29tXC93cC1jb250ZW50XC91cGxvYWRzXC8yMDI1XC8wNVwvZXF1aW5vdGVyYXBpYS5qcGciLCJzbGlkZXNob3ciOiI1MzAzNDk1In0%3D\">\n\t\t\t\t\t<div class=\"e-gallery-image elementor-gallery-item__image\" data-thumbnail=\"https:\/\/hipicasolsolet.com\/wp-content\/uploads\/2025\/05\/equinoterapia-768x1024.jpg\" data-width=\"768\" data-height=\"1024\" aria-label=\"\" role=\"img\" ><\/div>\n\t\t\t\t\t\t\t\t\t\t\t<div class=\"elementor-gallery-item__overlay\"><\/div>\n\t\t\t\t\t\t\t\t\t\t\t\t\t\t<\/a>\n\t\t\t\t\t\t\t<a class=\"e-gallery-item elementor-gallery-item elementor-animated-content\" href=\"https:\/\/hipicasolsolet.com\/wp-content\/uploads\/2025\/05\/equinoterapia2.jpg\" data-elementor-open-lightbox=\"yes\" data-elementor-lightbox-slideshow=\"5303495\" data-elementor-lightbox-title=\"equinoterapia2\" data-e-action-hash=\"#elementor-action%3Aaction%3Dlightbox%26settings%3DeyJpZCI6MjYwLCJ1cmwiOiJodHRwczpcL1wvaGlwaWNhc29sc29sZXQuY29tXC93cC1jb250ZW50XC91cGxvYWRzXC8yMDI1XC8wNVwvZXF1aW5vdGVyYXBpYTIuanBnIiwic2xpZGVzaG93IjoiNTMwMzQ5NSJ9\">\n\t\t\t\t\t<div class=\"e-gallery-image elementor-gallery-item__image\" data-thumbnail=\"https:\/\/hipicasolsolet.com\/wp-content\/uploads\/2025\/05\/equinoterapia2-768x576.jpg\" data-width=\"768\" data-height=\"576\" aria-label=\"\" role=\"img\" ><\/div>\n\t\t\t\t\t\t\t\t\t\t\t<div class=\"elementor-gallery-item__overlay\"><\/div>\n\t\t\t\t\t\t\t\t\t\t\t\t\t\t<\/a>\n\t\t\t\t\t<\/div>\n\t\t\t\t\t<\/div>\n\t\t\t\t<\/div>\n\t\t\t\t\t<\/div>\n\t\t\t\t<\/div>\n\t\t\t\t<\/div>\n\t\t","protected":false},"excerpt":{"rendered":"<p>Equinoter\u00e0pia Millora l&#8217;equilibri, la mobilitat, la comunicaci\u00f3 i el comportament \u00bf Qu\u00e8 \u00e9s? L&#8217;equinoter\u00e0pia \u00e9s una t\u00e8cnica avan\u00e7ada que trobar\u00e0s al Sol Solet. Millora l&#8217;equilibri, la mobilitat i la comunicaci\u00f3 i el comportament. Fem classes individualitzades, o amb grups redu\u00efts, totalment adaptats a les possibilitats. SI vols con\u00e8ixer m\u00e9s sobre l&#8217;equinoeter\u00e0pia, el nostre fisioterapeuta Ricard [&hellip;]<\/p>\n","protected":false},"author":1,"featured_media":0,"parent":0,"menu_order":0,"comment_status":"closed","ping_status":"closed","template":"","meta":{"footnotes":""},"class_list":["post-775","page","type-page","status-publish","hentry"],"_links":{"self":[{"href":"https:\/\/hipicasolsolet.com\/ca\/wp-json\/wp\/v2\/pages\/775","targetHints":{"allow":["GET"]}}],"collection":[{"href":"https:\/\/hipicasolsolet.com\/ca\/wp-json\/wp\/v2\/pages"}],"about":[{"href":"https:\/\/hipicasolsolet.com\/ca\/wp-json\/wp\/v2\/types\/page"}],"author":[{"embeddable":true,"href":"https:\/\/hipicasolsolet.com\/ca\/wp-json\/wp\/v2\/users\/1"}],"replies":[{"embeddable":true,"href":"https:\/\/hipicasolsolet.com\/ca\/wp-json\/wp\/v2\/comments?post=775"}],"version-history":[{"count":1,"href":"https:\/\/hipicasolsolet.com\/ca\/wp-json\/wp\/v2\/pages\/775\/revisions"}],"predecessor-version":[{"id":777,"href":"https:\/\/hipicasolsolet.com\/ca\/wp-json\/wp\/v2\/pages\/775\/revisions\/777"}],"wp:attachment":[{"href":"https:\/\/hipicasolsolet.com\/ca\/wp-json\/wp\/v2\/media?parent=775"}],"curies":[{"name":"wp","href":"https:\/\/api.w.org\/{rel}","templated":true}]}}