{"id":764,"date":"2025-04-25T10:15:11","date_gmt":"2025-04-25T10:15:11","guid":{"rendered":"https:\/\/hipicasolsolet.com\/equip\/"},"modified":"2025-05-15T11:05:31","modified_gmt":"2025-05-15T11:05:31","slug":"equip","status":"publish","type":"page","link":"https:\/\/hipicasolsolet.com\/ca\/equip\/","title":{"rendered":"Equip"},"content":{"rendered":"\t\t<div data-elementor-type=\"wp-page\" data-elementor-id=\"764\" class=\"elementor elementor-764 elementor-20\" data-elementor-post-type=\"page\">\n\t\t\t\t<div class=\"elementor-element elementor-element-8cf943b e-con-full e-flex e-con e-parent\" data-id=\"8cf943b\" data-element_type=\"container\" data-e-type=\"container\" data-settings=\"{&quot;background_background&quot;:&quot;classic&quot;}\">\n\t\t\t\t<div class=\"elementor-element elementor-element-8c267b5 elementor-widget elementor-widget-heading\" data-id=\"8c267b5\" data-element_type=\"widget\" data-e-type=\"widget\" data-widget_type=\"heading.default\">\n\t\t\t\t<div class=\"elementor-widget-container\">\n\t\t\t\t\t<h1 class=\"elementor-heading-title elementor-size-default\">Equip<\/h1>\t\t\t\t<\/div>\n\t\t\t\t<\/div>\n\t\t\t\t<\/div>\n\t\t<div class=\"elementor-element elementor-element-6f3e4ba e-flex e-con-boxed e-con e-parent\" data-id=\"6f3e4ba\" data-element_type=\"container\" data-e-type=\"container\">\n\t\t\t\t\t<div class=\"e-con-inner\">\n\t\t\t\t<div class=\"elementor-element elementor-element-773edb3 elementor-widget elementor-widget-text-editor\" data-id=\"773edb3\" data-element_type=\"widget\" data-e-type=\"widget\" data-widget_type=\"text-editor.default\">\n\t\t\t\t<div class=\"elementor-widget-container\">\n\t\t\t\t\t\t\t\t\t<div class=\"inner \"><p>L&#8217;equip de Sol Solet est\u00e0 format pels professionals seg\u00fcents.<\/p><\/div>\t\t\t\t\t\t\t\t<\/div>\n\t\t\t\t<\/div>\n\t\t<div class=\"elementor-element elementor-element-d42efc5 e-grid e-con-full e-con e-child\" data-id=\"d42efc5\" data-element_type=\"container\" data-e-type=\"container\">\n\t\t<div class=\"elementor-element elementor-element-1f82d4b e-con-full e-flex e-con e-child\" data-id=\"1f82d4b\" data-element_type=\"container\" data-e-type=\"container\" data-settings=\"{&quot;background_background&quot;:&quot;classic&quot;}\">\n\t\t\t\t<div class=\"elementor-element elementor-element-c9d5601 elementor-widget elementor-widget-image\" data-id=\"c9d5601\" data-element_type=\"widget\" data-e-type=\"widget\" data-widget_type=\"image.default\">\n\t\t\t\t<div class=\"elementor-widget-container\">\n\t\t\t\t\t\t\t\t\t\t\t\t\t\t\t<img fetchpriority=\"high\" decoding=\"async\" width=\"500\" height=\"500\" src=\"https:\/\/hipicasolsolet.com\/wp-content\/uploads\/2025\/04\/marie-follet.jpg\" class=\"attachment-large size-large wp-image-558\" alt=\"\" srcset=\"https:\/\/hipicasolsolet.com\/wp-content\/uploads\/2025\/04\/marie-follet.jpg 500w, https:\/\/hipicasolsolet.com\/wp-content\/uploads\/2025\/04\/marie-follet-300x300.jpg 300w, https:\/\/hipicasolsolet.com\/wp-content\/uploads\/2025\/04\/marie-follet-150x150.jpg 150w\" sizes=\"(max-width: 500px) 100vw, 500px\" \/>\t\t\t\t\t\t\t\t\t\t\t\t\t\t\t<\/div>\n\t\t\t\t<\/div>\n\t\t\t\t<div class=\"elementor-element elementor-element-9cf5c18 elementor-widget elementor-widget-text-editor\" data-id=\"9cf5c18\" data-element_type=\"widget\" data-e-type=\"widget\" data-widget_type=\"text-editor.default\">\n\t\t\t\t<div class=\"elementor-widget-container\">\n\t\t\t\t\t\t\t\t\t<div class=\"member__name\"><h3>Marie Follet<br> <span style=\"font-family: -apple-system, BlinkMacSystemFont, 'Segoe UI', Roboto, 'Helvetica Neue', Arial, 'Noto Sans', sans-serif, 'Apple Color Emoji', 'Segoe UI Emoji', 'Segoe UI Symbol', 'Noto Color Emoji'; font-size: 16px;\">La cap<\/span><\/h3><\/div>\t\t\t\t\t\t\t\t<\/div>\n\t\t\t\t<\/div>\n\t\t\t\t<div class=\"elementor-element elementor-element-529aea6 elementor-widget elementor-widget-text-editor\" data-id=\"529aea6\" data-element_type=\"widget\" data-e-type=\"widget\" data-widget_type=\"text-editor.default\">\n\t\t\t\t<div class=\"elementor-widget-container\">\n\t\t\t\t\t\t\t\t\t<div class=\"member__name\"><div class=\"member__titles\"><strong>T\u00edtols:<\/strong><ul><li>T\u00e8cnic 2 opci\u00f3<\/li><li>Galop 8<\/li><li>Monitora d&#8217;educaci\u00f3 especial<\/li><li>Equinoterapeuta<\/li><li>Amazona de complet<\/li><li>\u00c0rbitre de la federaci\u00f3 catalana i jutges de Pony-games<\/li><\/ul><\/div><div class=\"member__languages\"><strong>Idiomes:<\/strong> Franc\u00e8s, Catell\u00e0 i catal\u00e0<\/div><\/div>\t\t\t\t\t\t\t\t<\/div>\n\t\t\t\t<\/div>\n\t\t\t\t<\/div>\n\t\t<div class=\"elementor-element elementor-element-9594a71 e-con-full e-flex e-con e-child\" data-id=\"9594a71\" data-element_type=\"container\" data-e-type=\"container\" data-settings=\"{&quot;background_background&quot;:&quot;classic&quot;}\">\n\t\t\t\t<div class=\"elementor-element elementor-element-7e297a0 elementor-widget elementor-widget-image\" data-id=\"7e297a0\" data-element_type=\"widget\" data-e-type=\"widget\" data-widget_type=\"image.default\">\n\t\t\t\t<div class=\"elementor-widget-container\">\n\t\t\t\t\t\t\t\t\t\t\t\t\t\t\t<img decoding=\"async\" width=\"450\" height=\"450\" src=\"https:\/\/hipicasolsolet.com\/wp-content\/uploads\/2025\/04\/ramon-cardona.jpg\" class=\"attachment-large size-large wp-image-560\" alt=\"\" srcset=\"https:\/\/hipicasolsolet.com\/wp-content\/uploads\/2025\/04\/ramon-cardona.jpg 450w, https:\/\/hipicasolsolet.com\/wp-content\/uploads\/2025\/04\/ramon-cardona-300x300.jpg 300w, https:\/\/hipicasolsolet.com\/wp-content\/uploads\/2025\/04\/ramon-cardona-150x150.jpg 150w\" sizes=\"(max-width: 450px) 100vw, 450px\" \/>\t\t\t\t\t\t\t\t\t\t\t\t\t\t\t<\/div>\n\t\t\t\t<\/div>\n\t\t\t\t<div class=\"elementor-element elementor-element-5f95e96 elementor-widget elementor-widget-text-editor\" data-id=\"5f95e96\" data-element_type=\"widget\" data-e-type=\"widget\" data-widget_type=\"text-editor.default\">\n\t\t\t\t<div class=\"elementor-widget-container\">\n\t\t\t\t\t\t\t\t\t<div class=\"member__name\"><div class=\"member__name\"><div class=\"member__name\"><h3>Ram\u00f3n Cardona Peiro<\/h3><div class=\"member__rol\">Imparteix classes de galop 4 a competici\u00f3 nacional, competici\u00f3 nivell mitj\u00e0, adults<br><br><\/div><\/div><\/div><\/div>\t\t\t\t\t\t\t\t<\/div>\n\t\t\t\t<\/div>\n\t\t\t\t<div class=\"elementor-element elementor-element-ae7b711 elementor-widget elementor-widget-text-editor\" data-id=\"ae7b711\" data-element_type=\"widget\" data-e-type=\"widget\" data-widget_type=\"text-editor.default\">\n\t\t\t\t<div class=\"elementor-widget-container\">\n\t\t\t\t\t\t\t\t\t<div class=\"member__name\"><div class=\"member__titles\"><strong>T\u00edtols:<\/strong><ul><li>T\u00e8cnic 2<\/li><li>Galop 7<\/li><li>Genet de Salt i de Complet<\/li><\/ul><\/div><div class=\"member__languages\"><strong>Idiomes:<\/strong> Catal\u00e0, castell\u00e0, franc\u00e8s i angl\u00e8s<\/div><\/div>\t\t\t\t\t\t\t\t<\/div>\n\t\t\t\t<\/div>\n\t\t\t\t<\/div>\n\t\t<div class=\"elementor-element elementor-element-ac2454d e-con-full e-flex e-con e-child\" data-id=\"ac2454d\" data-element_type=\"container\" data-e-type=\"container\" data-settings=\"{&quot;background_background&quot;:&quot;classic&quot;}\">\n\t\t\t\t<div class=\"elementor-element elementor-element-b705e88 elementor-widget elementor-widget-image\" data-id=\"b705e88\" data-element_type=\"widget\" data-e-type=\"widget\" data-widget_type=\"image.default\">\n\t\t\t\t<div class=\"elementor-widget-container\">\n\t\t\t\t\t\t\t\t\t\t\t\t\t\t\t<img decoding=\"async\" width=\"500\" height=\"500\" src=\"https:\/\/hipicasolsolet.com\/wp-content\/uploads\/2025\/04\/marina-sole.jpg\" class=\"attachment-large size-large wp-image-562\" alt=\"\" srcset=\"https:\/\/hipicasolsolet.com\/wp-content\/uploads\/2025\/04\/marina-sole.jpg 500w, https:\/\/hipicasolsolet.com\/wp-content\/uploads\/2025\/04\/marina-sole-300x300.jpg 300w, https:\/\/hipicasolsolet.com\/wp-content\/uploads\/2025\/04\/marina-sole-150x150.jpg 150w\" sizes=\"(max-width: 500px) 100vw, 500px\" \/>\t\t\t\t\t\t\t\t\t\t\t\t\t\t\t<\/div>\n\t\t\t\t<\/div>\n\t\t\t\t<div class=\"elementor-element elementor-element-68e234e elementor-widget elementor-widget-text-editor\" data-id=\"68e234e\" data-element_type=\"widget\" data-e-type=\"widget\" data-widget_type=\"text-editor.default\">\n\t\t\t\t<div class=\"elementor-widget-container\">\n\t\t\t\t\t\t\t\t\t<div class=\"member__name\"><div class=\"member__name\"><h3>Marina Soler Exposito<\/h3><div class=\"member__rol\">Imparteix classes de galop 2 a 4, adults. CAFEMN. Extraescolar.  <\/div><\/div><\/div>\t\t\t\t\t\t\t\t<\/div>\n\t\t\t\t<\/div>\n\t\t\t\t<div class=\"elementor-element elementor-element-24aa59f elementor-widget elementor-widget-text-editor\" data-id=\"24aa59f\" data-element_type=\"widget\" data-e-type=\"widget\" data-widget_type=\"text-editor.default\">\n\t\t\t\t<div class=\"elementor-widget-container\">\n\t\t\t\t\t\t\t\t\t<div class=\"member__name\"><div class=\"member__titles\"><strong>T\u00edtols:<\/strong><ul><li>T\u00e8cnic 1<\/li><li>Galop 7<\/li><li>T\u00e8cnica Superior d&#8217;Esport<\/li><li>Amazona de salt i complet i pony-games<\/li><\/ul><\/div><div class=\"member__languages\"><strong>Idiomes:<\/strong> Catal\u00e0, castell\u00e0<\/div><\/div>\t\t\t\t\t\t\t\t<\/div>\n\t\t\t\t<\/div>\n\t\t\t\t<\/div>\n\t\t<div class=\"elementor-element elementor-element-4076aa0 e-con-full e-flex e-con e-child\" data-id=\"4076aa0\" data-element_type=\"container\" data-e-type=\"container\" data-settings=\"{&quot;background_background&quot;:&quot;classic&quot;}\">\n\t\t\t\t<div class=\"elementor-element elementor-element-a51d107 elementor-widget elementor-widget-image\" data-id=\"a51d107\" data-element_type=\"widget\" data-e-type=\"widget\" data-widget_type=\"image.default\">\n\t\t\t\t<div class=\"elementor-widget-container\">\n\t\t\t\t\t\t\t\t\t\t\t\t\t\t\t<img loading=\"lazy\" decoding=\"async\" width=\"500\" height=\"500\" src=\"https:\/\/hipicasolsolet.com\/wp-content\/uploads\/2025\/04\/judith-porcel.jpg\" class=\"attachment-large size-large wp-image-564\" alt=\"\" srcset=\"https:\/\/hipicasolsolet.com\/wp-content\/uploads\/2025\/04\/judith-porcel.jpg 500w, https:\/\/hipicasolsolet.com\/wp-content\/uploads\/2025\/04\/judith-porcel-300x300.jpg 300w, https:\/\/hipicasolsolet.com\/wp-content\/uploads\/2025\/04\/judith-porcel-150x150.jpg 150w\" sizes=\"(max-width: 500px) 100vw, 500px\" \/>\t\t\t\t\t\t\t\t\t\t\t\t\t\t\t<\/div>\n\t\t\t\t<\/div>\n\t\t\t\t<div class=\"elementor-element elementor-element-01187bc elementor-widget elementor-widget-text-editor\" data-id=\"01187bc\" data-element_type=\"widget\" data-e-type=\"widget\" data-widget_type=\"text-editor.default\">\n\t\t\t\t<div class=\"elementor-widget-container\">\n\t\t\t\t\t\t\t\t\t<div class=\"member__name\"><div class=\"member__name\"><h3>Judith Porcel Follet<\/h3><\/div><div class=\"member__rol\">Imparteix classes de galop 2 a competici\u00f3 nivell mitj\u00e0 i campionats nacionals ponys. Classes Particulars. CAFEMN. Extraescolar.   <\/div><\/div>\t\t\t\t\t\t\t\t<\/div>\n\t\t\t\t<\/div>\n\t\t\t\t<div class=\"elementor-element elementor-element-9d46f27 elementor-widget elementor-widget-text-editor\" data-id=\"9d46f27\" data-element_type=\"widget\" data-e-type=\"widget\" data-widget_type=\"text-editor.default\">\n\t\t\t\t<div class=\"elementor-widget-container\">\n\t\t\t\t\t\t\t\t\t<div class=\"member__name\"><div class=\"member__titles\"><strong>T\u00edtols:<\/strong><ul><li>T\u00e8cnic 2<\/li><li>Galop 7<\/li><li>Genet de Salt, Complet i PonyGames<\/li><\/ul><\/div><div class=\"member__languages\"><strong>Idiomes:<\/strong> Catal\u00e0, castell\u00e0, franc\u00e8s, angl\u00e8s i itali\u00e0<\/div><\/div>\t\t\t\t\t\t\t\t<\/div>\n\t\t\t\t<\/div>\n\t\t\t\t<\/div>\n\t\t<div class=\"elementor-element elementor-element-e45c925 e-con-full e-flex e-con e-child\" data-id=\"e45c925\" data-element_type=\"container\" data-e-type=\"container\" data-settings=\"{&quot;background_background&quot;:&quot;classic&quot;}\">\n\t\t\t\t<div class=\"elementor-element elementor-element-94b84af elementor-widget elementor-widget-image\" data-id=\"94b84af\" data-element_type=\"widget\" data-e-type=\"widget\" data-widget_type=\"image.default\">\n\t\t\t\t<div class=\"elementor-widget-container\">\n\t\t\t\t\t\t\t\t\t\t\t\t\t\t\t<img loading=\"lazy\" decoding=\"async\" width=\"500\" height=\"500\" src=\"https:\/\/hipicasolsolet.com\/wp-content\/uploads\/2025\/04\/ricard-barnes.jpg\" class=\"attachment-large size-large wp-image-568\" alt=\"\" srcset=\"https:\/\/hipicasolsolet.com\/wp-content\/uploads\/2025\/04\/ricard-barnes.jpg 500w, https:\/\/hipicasolsolet.com\/wp-content\/uploads\/2025\/04\/ricard-barnes-300x300.jpg 300w, https:\/\/hipicasolsolet.com\/wp-content\/uploads\/2025\/04\/ricard-barnes-150x150.jpg 150w\" sizes=\"(max-width: 500px) 100vw, 500px\" \/>\t\t\t\t\t\t\t\t\t\t\t\t\t\t\t<\/div>\n\t\t\t\t<\/div>\n\t\t\t\t<div class=\"elementor-element elementor-element-08cb6af elementor-widget elementor-widget-text-editor\" data-id=\"08cb6af\" data-element_type=\"widget\" data-e-type=\"widget\" data-widget_type=\"text-editor.default\">\n\t\t\t\t<div class=\"elementor-widget-container\">\n\t\t\t\t\t\t\t\t\t<div class=\"member__name\"><div class=\"member__name\"><h3>Ricard Barnes Torras<\/h3><\/div><div class=\"member__rol\">S&#8217;encarrega de les classes d&#8217;equinoter\u00e0pia.<\/div><\/div>\t\t\t\t\t\t\t\t<\/div>\n\t\t\t\t<\/div>\n\t\t\t\t<div class=\"elementor-element elementor-element-6d897fe elementor-widget elementor-widget-text-editor\" data-id=\"6d897fe\" data-element_type=\"widget\" data-e-type=\"widget\" data-widget_type=\"text-editor.default\">\n\t\t\t\t<div class=\"elementor-widget-container\">\n\t\t\t\t\t\t\t\t\t<div class=\"member__name\"><div class=\"member__titles\"><strong>T\u00edtols:<\/strong><ul><li>Fisioterapeuta n\u00fam.col 1619<\/li><li>Osteopata<\/li><li>Post grau en traumatologia<\/li><li>Post grau en fisioter\u00e0pia pedi\u00e0trica<\/li><li>Post grau en fisioter\u00e0pia reumatol\u00f2gica<\/li><li>Curs sobre m\u00e8tode teach (per a autisme)<\/li><li>6 anys d&#8217;experi\u00e8ncia en equinoter\u00e0pia amb nens amb patologies i dificultats diferents.<\/li><li>15 anys d&#8217;experi\u00e8ncia com a fisioterapeuta de nens amb diferents discapacitats (al centre d&#8217;educaci\u00f3 especial).<\/li><\/ul><\/div><div class=\"member__languages\"><strong>Idiomes:<\/strong> Catal\u00e0, castell\u00e0 i franc\u00e8s<\/div><\/div>\t\t\t\t\t\t\t\t<\/div>\n\t\t\t\t<\/div>\n\t\t\t\t<\/div>\n\t\t<div class=\"elementor-element elementor-element-708f4bd e-con-full e-flex e-con e-child\" data-id=\"708f4bd\" data-element_type=\"container\" data-e-type=\"container\" data-settings=\"{&quot;background_background&quot;:&quot;classic&quot;}\">\n\t\t\t\t<div class=\"elementor-element elementor-element-484d354 elementor-widget elementor-widget-image\" data-id=\"484d354\" data-element_type=\"widget\" data-e-type=\"widget\" data-widget_type=\"image.default\">\n\t\t\t\t<div class=\"elementor-widget-container\">\n\t\t\t\t\t\t\t\t\t\t\t\t\t\t\t<img loading=\"lazy\" decoding=\"async\" width=\"500\" height=\"500\" src=\"https:\/\/hipicasolsolet.com\/wp-content\/uploads\/2025\/04\/omar.jpg\" class=\"attachment-large size-large wp-image-566\" alt=\"\" srcset=\"https:\/\/hipicasolsolet.com\/wp-content\/uploads\/2025\/04\/omar.jpg 500w, https:\/\/hipicasolsolet.com\/wp-content\/uploads\/2025\/04\/omar-300x300.jpg 300w, https:\/\/hipicasolsolet.com\/wp-content\/uploads\/2025\/04\/omar-150x150.jpg 150w\" sizes=\"(max-width: 500px) 100vw, 500px\" \/>\t\t\t\t\t\t\t\t\t\t\t\t\t\t\t<\/div>\n\t\t\t\t<\/div>\n\t\t\t\t<div class=\"elementor-element elementor-element-9079fb5 elementor-widget elementor-widget-text-editor\" data-id=\"9079fb5\" data-element_type=\"widget\" data-e-type=\"widget\" data-widget_type=\"text-editor.default\">\n\t\t\t\t<div class=\"elementor-widget-container\">\n\t\t\t\t\t\t\t\t\t<div class=\"member__name\"><div class=\"member__name\"><h3>Omar<\/h3><\/div><div class=\"member__rol\">\u00c9s el nostre mosso i s&#8217;encarrega de mantenir tots els cavalls i ponis del Club i de vetllar per la seva seguretat.<\/div><\/div>\t\t\t\t\t\t\t\t<\/div>\n\t\t\t\t<\/div>\n\t\t\t\t<div class=\"elementor-element elementor-element-c1cce43 elementor-widget elementor-widget-text-editor\" data-id=\"c1cce43\" data-element_type=\"widget\" data-e-type=\"widget\" data-widget_type=\"text-editor.default\">\n\t\t\t\t<div class=\"elementor-widget-container\">\n\t\t\t\t\t\t\t\t\t<div class=\"member__name\"><div class=\"member__titles\"><strong>T\u00edtols:<\/strong><ul><li>Mosso<\/li><\/ul><\/div><div class=\"member__languages\"><strong>Idiomes:<\/strong> Franc\u00e8s i castell\u00e0<\/div><\/div>\t\t\t\t\t\t\t\t<\/div>\n\t\t\t\t<\/div>\n\t\t\t\t<\/div>\n\t\t\t\t<\/div>\n\t\t\t\t\t<\/div>\n\t\t\t\t<\/div>\n\t\t\t\t<\/div>\n\t\t","protected":false},"excerpt":{"rendered":"<p>L&#8217;equip de Sol Solet est\u00e0 format pels professionals seg\u00fcents. Marie Follet La cap T\u00edtols: T\u00e8cnic 2 opci\u00f3 Galop 8 Monitora d&#8217;educaci\u00f3 especial Equinoterapeuta Amazona de complet \u00c0rbitre de la federaci\u00f3 catalana i jutges de Pony-games Idiomes: Franc\u00e8s, Catell\u00e0 i catal\u00e0 Ram\u00f3n Cardona Peiro Imparteix classes de galop 4 a competici\u00f3 nacional, competici\u00f3 nivell mitj\u00e0, adults [&hellip;]<\/p>\n","protected":false},"author":1,"featured_media":0,"parent":0,"menu_order":0,"comment_status":"closed","ping_status":"closed","template":"","meta":{"footnotes":""},"class_list":["post-764","page","type-page","status-publish","hentry"],"_links":{"self":[{"href":"https:\/\/hipicasolsolet.com\/ca\/wp-json\/wp\/v2\/pages\/764","targetHints":{"allow":["GET"]}}],"collection":[{"href":"https:\/\/hipicasolsolet.com\/ca\/wp-json\/wp\/v2\/pages"}],"about":[{"href":"https:\/\/hipicasolsolet.com\/ca\/wp-json\/wp\/v2\/types\/page"}],"author":[{"embeddable":true,"href":"https:\/\/hipicasolsolet.com\/ca\/wp-json\/wp\/v2\/users\/1"}],"replies":[{"embeddable":true,"href":"https:\/\/hipicasolsolet.com\/ca\/wp-json\/wp\/v2\/comments?post=764"}],"version-history":[{"count":1,"href":"https:\/\/hipicasolsolet.com\/ca\/wp-json\/wp\/v2\/pages\/764\/revisions"}],"predecessor-version":[{"id":772,"href":"https:\/\/hipicasolsolet.com\/ca\/wp-json\/wp\/v2\/pages\/764\/revisions\/772"}],"wp:attachment":[{"href":"https:\/\/hipicasolsolet.com\/ca\/wp-json\/wp\/v2\/media?parent=764"}],"curies":[{"name":"wp","href":"https:\/\/api.w.org\/{rel}","templated":true}]}}