{"id":759,"date":"2025-04-25T10:13:49","date_gmt":"2025-04-25T10:13:49","guid":{"rendered":"https:\/\/hipicasolsolet.com\/lhipica\/"},"modified":"2025-05-15T11:05:31","modified_gmt":"2025-05-15T11:05:31","slug":"lhipica","status":"publish","type":"page","link":"https:\/\/hipicasolsolet.com\/ca\/lhipica\/","title":{"rendered":"L&#8217;h\u00edpica"},"content":{"rendered":"\t\t<div data-elementor-type=\"wp-page\" data-elementor-id=\"759\" class=\"elementor elementor-759 elementor-24\" data-elementor-post-type=\"page\">\n\t\t\t\t<div class=\"elementor-element elementor-element-8fac4b1 e-con-full e-flex e-con e-parent\" data-id=\"8fac4b1\" data-element_type=\"container\" data-e-type=\"container\" data-settings=\"{&quot;background_background&quot;:&quot;classic&quot;}\">\n\t\t\t\t<div class=\"elementor-element elementor-element-d8d1dbb elementor-widget elementor-widget-heading\" data-id=\"d8d1dbb\" data-element_type=\"widget\" data-e-type=\"widget\" data-widget_type=\"heading.default\">\n\t\t\t\t<div class=\"elementor-widget-container\">\n\t\t\t\t\t<h1 class=\"elementor-heading-title elementor-size-default\">L&#8217;h\u00edpica<\/h1>\t\t\t\t<\/div>\n\t\t\t\t<\/div>\n\t\t\t\t<\/div>\n\t\t<div class=\"elementor-element elementor-element-63b1f54 e-flex e-con-boxed e-con e-parent\" data-id=\"63b1f54\" data-element_type=\"container\" data-e-type=\"container\">\n\t\t\t\t\t<div class=\"e-con-inner\">\n\t\t\t\t<div class=\"elementor-element elementor-element-d786dea elementor-widget elementor-widget-text-editor\" data-id=\"d786dea\" data-element_type=\"widget\" data-e-type=\"widget\" data-widget_type=\"text-editor.default\">\n\t\t\t\t<div class=\"elementor-widget-container\">\n\t\t\t\t\t\t\t\t\t<p>Sol solet va ser creat el 1999 a Sant Just Desvern a peu del parc de collserola per\u00f2 prop de Barcelona.<\/p><p>El club t\u00e9 unes instal\u00b7lacions petites i acollidores.<\/p><p>El club Sol Solet \u00e9s un centre h\u00edpic que t\u00e9 la determinaci\u00f3 de fer arribar aquest esport a tots els p\u00fablics, deixant al marge tota fama que precedeix aquesta activitat com una cosa elitista.<\/p><p>Creiem en un ensenyament din\u00e0mic i divertit, apostem pels valors pedag\u00f2gics que l&#8217;equitaci\u00f3 aporta sense cap dubte, amb un alt sentit del respecte i la responsabilitat envers aquests animals.<\/p>\t\t\t\t\t\t\t\t<\/div>\n\t\t\t\t<\/div>\n\t\t<div class=\"elementor-element elementor-element-522baf2 e-grid e-con-full e-con e-child\" data-id=\"522baf2\" data-element_type=\"container\" data-e-type=\"container\">\n\t\t<div class=\"elementor-element elementor-element-1de67d5 e-con-full e-flex e-con e-child\" data-id=\"1de67d5\" data-element_type=\"container\" data-e-type=\"container\" data-settings=\"{&quot;background_background&quot;:&quot;classic&quot;}\">\n\t\t\t\t<div class=\"elementor-element elementor-element-baaf2c9 elementor-position-inline-end elementor-view-default elementor-mobile-position-block-start elementor-widget elementor-widget-icon-box\" data-id=\"baaf2c9\" data-element_type=\"widget\" data-e-type=\"widget\" data-widget_type=\"icon-box.default\">\n\t\t\t\t<div class=\"elementor-widget-container\">\n\t\t\t\t\t\t\t<div class=\"elementor-icon-box-wrapper\">\n\n\t\t\t\t\t\t<div class=\"elementor-icon-box-icon\">\n\t\t\t\t<a href=\"https:\/\/hipicasolsolet.com\/equinoterapia\/\" class=\"elementor-icon\" tabindex=\"-1\" aria-label=\"Equinoter\u00e0pia\">\n\t\t\t\t<i aria-hidden=\"true\" class=\"fas fa-plus\"><\/i>\t\t\t\t<\/a>\n\t\t\t<\/div>\n\t\t\t\n\t\t\t\t\t\t<div class=\"elementor-icon-box-content\">\n\n\t\t\t\t\t\t\t\t\t<h3 class=\"elementor-icon-box-title\">\n\t\t\t\t\t\t<a href=\"https:\/\/hipicasolsolet.com\/equinoterapia\/\" >\n\t\t\t\t\t\t\tEquinoter\u00e0pia\t\t\t\t\t\t<\/a>\n\t\t\t\t\t<\/h3>\n\t\t\t\t\n\t\t\t\t\t\t\t\t\t<p class=\"elementor-icon-box-description\">\n\t\t\t\t\t\tMillora l'equilibri, la mobilitat i la comunicaci\u00f3 i el comportament.\n\n\t\t\t\t\t<\/p>\n\t\t\t\t\n\t\t\t<\/div>\n\t\t\t\n\t\t<\/div>\n\t\t\t\t\t\t<\/div>\n\t\t\t\t<\/div>\n\t\t\t\t<\/div>\n\t\t<div class=\"elementor-element elementor-element-6c6991d e-con-full e-flex e-con e-child\" data-id=\"6c6991d\" data-element_type=\"container\" data-e-type=\"container\" data-settings=\"{&quot;background_background&quot;:&quot;classic&quot;}\">\n\t\t\t\t<div class=\"elementor-element elementor-element-446cc41 elementor-position-inline-end elementor-view-default elementor-mobile-position-block-start elementor-widget elementor-widget-icon-box\" data-id=\"446cc41\" data-element_type=\"widget\" data-e-type=\"widget\" data-widget_type=\"icon-box.default\">\n\t\t\t\t<div class=\"elementor-widget-container\">\n\t\t\t\t\t\t\t<div class=\"elementor-icon-box-wrapper\">\n\n\t\t\t\t\t\t<div class=\"elementor-icon-box-icon\">\n\t\t\t\t<a href=\"https:\/\/hipicasolsolet.com\/la-hipica\/clases\/\" class=\"elementor-icon\" tabindex=\"-1\" aria-label=\"Classes\">\n\t\t\t\t<i aria-hidden=\"true\" class=\"fas fa-plus\"><\/i>\t\t\t\t<\/a>\n\t\t\t<\/div>\n\t\t\t\n\t\t\t\t\t\t<div class=\"elementor-icon-box-content\">\n\n\t\t\t\t\t\t\t\t\t<h3 class=\"elementor-icon-box-title\">\n\t\t\t\t\t\t<a href=\"https:\/\/hipicasolsolet.com\/la-hipica\/clases\/\" >\n\t\t\t\t\t\t\tClasses\t\t\t\t\t\t<\/a>\n\t\t\t\t\t<\/h3>\n\t\t\t\t\n\t\t\t\t\t\t\t\t\t<p class=\"elementor-icon-box-description\">\n\t\t\t\t\t\tOferim classes per a totes les edats i nivells.\n\n\t\t\t\t\t<\/p>\n\t\t\t\t\n\t\t\t<\/div>\n\t\t\t\n\t\t<\/div>\n\t\t\t\t\t\t<\/div>\n\t\t\t\t<\/div>\n\t\t\t\t<\/div>\n\t\t<div class=\"elementor-element elementor-element-fbcf170 e-con-full e-flex e-con e-child\" data-id=\"fbcf170\" data-element_type=\"container\" data-e-type=\"container\" data-settings=\"{&quot;background_background&quot;:&quot;classic&quot;}\">\n\t\t\t\t<div class=\"elementor-element elementor-element-8990090 elementor-position-inline-end elementor-view-default elementor-mobile-position-block-start elementor-widget elementor-widget-icon-box\" data-id=\"8990090\" data-element_type=\"widget\" data-e-type=\"widget\" data-widget_type=\"icon-box.default\">\n\t\t\t\t<div class=\"elementor-widget-container\">\n\t\t\t\t\t\t\t<div class=\"elementor-icon-box-wrapper\">\n\n\t\t\t\t\t\t<div class=\"elementor-icon-box-icon\">\n\t\t\t\t<a href=\"https:\/\/hipicasolsolet.com\/la-hipica\/disciplinas\/\" class=\"elementor-icon\" tabindex=\"-1\" aria-label=\"Disciplines\">\n\t\t\t\t<i aria-hidden=\"true\" class=\"fas fa-plus\"><\/i>\t\t\t\t<\/a>\n\t\t\t<\/div>\n\t\t\t\n\t\t\t\t\t\t<div class=\"elementor-icon-box-content\">\n\n\t\t\t\t\t\t\t\t\t<h3 class=\"elementor-icon-box-title\">\n\t\t\t\t\t\t<a href=\"https:\/\/hipicasolsolet.com\/la-hipica\/disciplinas\/\" >\n\t\t\t\t\t\t\tDisciplines\t\t\t\t\t\t<\/a>\n\t\t\t\t\t<\/h3>\n\t\t\t\t\n\t\t\t\t\t\t\t\t\t<p class=\"elementor-icon-box-description\">\n\t\t\t\t\t\tComplet, salt, doma i pony games\n\n\t\t\t\t\t<\/p>\n\t\t\t\t\n\t\t\t<\/div>\n\t\t\t\n\t\t<\/div>\n\t\t\t\t\t\t<\/div>\n\t\t\t\t<\/div>\n\t\t\t\t<\/div>\n\t\t\t\t<\/div>\n\t\t\t\t\t<\/div>\n\t\t\t\t<\/div>\n\t\t\t\t<\/div>\n\t\t","protected":false},"excerpt":{"rendered":"<p>Sol solet va ser creat el 1999 a Sant Just Desvern a peu del parc de collserola per\u00f2 prop de Barcelona. El club t\u00e9 unes instal\u00b7lacions petites i acollidores. El club Sol Solet \u00e9s un centre h\u00edpic que t\u00e9 la determinaci\u00f3 de fer arribar aquest esport a tots els p\u00fablics, deixant al marge tota fama [&hellip;]<\/p>\n","protected":false},"author":1,"featured_media":0,"parent":0,"menu_order":0,"comment_status":"closed","ping_status":"closed","template":"","meta":{"footnotes":""},"class_list":["post-759","page","type-page","status-publish","hentry"],"_links":{"self":[{"href":"https:\/\/hipicasolsolet.com\/ca\/wp-json\/wp\/v2\/pages\/759","targetHints":{"allow":["GET"]}}],"collection":[{"href":"https:\/\/hipicasolsolet.com\/ca\/wp-json\/wp\/v2\/pages"}],"about":[{"href":"https:\/\/hipicasolsolet.com\/ca\/wp-json\/wp\/v2\/types\/page"}],"author":[{"embeddable":true,"href":"https:\/\/hipicasolsolet.com\/ca\/wp-json\/wp\/v2\/users\/1"}],"replies":[{"embeddable":true,"href":"https:\/\/hipicasolsolet.com\/ca\/wp-json\/wp\/v2\/comments?post=759"}],"version-history":[{"count":1,"href":"https:\/\/hipicasolsolet.com\/ca\/wp-json\/wp\/v2\/pages\/759\/revisions"}],"predecessor-version":[{"id":771,"href":"https:\/\/hipicasolsolet.com\/ca\/wp-json\/wp\/v2\/pages\/759\/revisions\/771"}],"wp:attachment":[{"href":"https:\/\/hipicasolsolet.com\/ca\/wp-json\/wp\/v2\/media?parent=759"}],"curies":[{"name":"wp","href":"https:\/\/api.w.org\/{rel}","templated":true}]}}