{"id":740,"date":"2025-04-25T10:15:21","date_gmt":"2025-04-25T10:15:21","guid":{"rendered":"https:\/\/hipicasolsolet.com\/festes-de-aniversaris\/"},"modified":"2025-05-15T11:00:16","modified_gmt":"2025-05-15T11:00:16","slug":"festes-de-aniversaris","status":"publish","type":"page","link":"https:\/\/hipicasolsolet.com\/ca\/festes-de-aniversaris\/","title":{"rendered":"Festes de Aniversaris"},"content":{"rendered":"\t\t<div data-elementor-type=\"wp-page\" data-elementor-id=\"740\" class=\"elementor elementor-740 elementor-21\" data-elementor-post-type=\"page\">\n\t\t\t\t<div class=\"elementor-element elementor-element-dd048fb e-con-full e-flex e-con e-parent\" data-id=\"dd048fb\" data-element_type=\"container\" data-e-type=\"container\" data-settings=\"{&quot;background_background&quot;:&quot;classic&quot;}\">\n\t\t\t\t<div class=\"elementor-element elementor-element-adaa2dc elementor-widget elementor-widget-heading\" data-id=\"adaa2dc\" data-element_type=\"widget\" data-e-type=\"widget\" data-widget_type=\"heading.default\">\n\t\t\t\t<div class=\"elementor-widget-container\">\n\t\t\t\t\t<h1 class=\"elementor-heading-title elementor-size-default\">Festes de Aniversaris<\/h1>\t\t\t\t<\/div>\n\t\t\t\t<\/div>\n\t\t\t\t<\/div>\n\t\t<div class=\"elementor-element elementor-element-de9b220 e-flex e-con-boxed e-con e-parent\" data-id=\"de9b220\" data-element_type=\"container\" data-e-type=\"container\">\n\t\t\t\t\t<div class=\"e-con-inner\">\n\t\t\t\t<div class=\"elementor-element elementor-element-983a20f elementor-widget elementor-widget-text-editor\" data-id=\"983a20f\" data-element_type=\"widget\" data-e-type=\"widget\" data-widget_type=\"text-editor.default\">\n\t\t\t\t<div class=\"elementor-widget-container\">\n\t\t\t\t\t\t\t\t\t<h2 id=\"ven-a-celebrar-de-una-manera-diferente-y-especial-tu-aniversario\"><strong>Vine a celebrar d&#8217;una manera diferent i especial el teu aniversari.<\/strong><\/h2><p>En qu\u00e8 consisteix: El club Solet Solet us ofereix les nostres instal\u00b7lacions per gaudir a la natura amb cavalls i ponis. Mentre els vostres nens tenen un primer contacte amb els cavalls, els preparen i munten durant una hora, els pares i amics teniu a disposici\u00f3 un espai obert amb cadires, taules i nevera per preparar i fer un pica-pica, past\u00eds, regals i d&#8217;altres. El temps total \u00e9s de 2 hores i mitja.<\/p><p><strong>Per fer la reserva de data envia&#8217;ns un email a <a href=\"mailto:mariecce@hotmail.com\">mariecce@hotmail.com<\/a> sol\u00b7licitant informaci\u00f3 i ens posarem en contacte amb tu.<\/strong><\/p>\t\t\t\t\t\t\t\t<\/div>\n\t\t\t\t<\/div>\n\t\t\t\t<div class=\"elementor-element elementor-element-05b5422 elementor-widget elementor-widget-gallery\" data-id=\"05b5422\" data-element_type=\"widget\" data-e-type=\"widget\" data-settings=\"{&quot;columns&quot;:2,&quot;aspect_ratio&quot;:&quot;4:3&quot;,&quot;lazyload&quot;:&quot;yes&quot;,&quot;gallery_layout&quot;:&quot;grid&quot;,&quot;columns_tablet&quot;:2,&quot;columns_mobile&quot;:1,&quot;gap&quot;:{&quot;unit&quot;:&quot;px&quot;,&quot;size&quot;:10,&quot;sizes&quot;:[]},&quot;gap_tablet&quot;:{&quot;unit&quot;:&quot;px&quot;,&quot;size&quot;:10,&quot;sizes&quot;:[]},&quot;gap_mobile&quot;:{&quot;unit&quot;:&quot;px&quot;,&quot;size&quot;:10,&quot;sizes&quot;:[]},&quot;link_to&quot;:&quot;file&quot;,&quot;overlay_background&quot;:&quot;yes&quot;,&quot;content_hover_animation&quot;:&quot;fade-in&quot;}\" data-widget_type=\"gallery.default\">\n\t\t\t\t<div class=\"elementor-widget-container\">\n\t\t\t\t\t\t\t<div class=\"elementor-gallery__container\">\n\t\t\t\t\t\t\t<a class=\"e-gallery-item elementor-gallery-item elementor-animated-content\" href=\"https:\/\/hipicasolsolet.com\/wp-content\/uploads\/2025\/05\/cumple2-scaled.jpg\" data-elementor-open-lightbox=\"yes\" data-elementor-lightbox-slideshow=\"05b5422\" data-elementor-lightbox-title=\"cumple2\" data-e-action-hash=\"#elementor-action%3Aaction%3Dlightbox%26settings%3DeyJpZCI6NDcyLCJ1cmwiOiJodHRwczpcL1wvaGlwaWNhc29sc29sZXQuY29tXC93cC1jb250ZW50XC91cGxvYWRzXC8yMDI1XC8wNVwvY3VtcGxlMi1zY2FsZWQuanBnIiwic2xpZGVzaG93IjoiMDViNTQyMiJ9\">\n\t\t\t\t\t<div class=\"e-gallery-image elementor-gallery-item__image\" data-thumbnail=\"https:\/\/hipicasolsolet.com\/wp-content\/uploads\/2025\/05\/cumple2-768x512.jpg\" data-width=\"768\" data-height=\"512\" aria-label=\"\" role=\"img\" ><\/div>\n\t\t\t\t\t\t\t\t\t\t\t<div class=\"elementor-gallery-item__overlay\"><\/div>\n\t\t\t\t\t\t\t\t\t\t\t\t\t\t<\/a>\n\t\t\t\t\t\t\t<a class=\"e-gallery-item elementor-gallery-item elementor-animated-content\" href=\"https:\/\/hipicasolsolet.com\/wp-content\/uploads\/2025\/05\/escuela4cumple1-scaled.jpg\" data-elementor-open-lightbox=\"yes\" data-elementor-lightbox-slideshow=\"05b5422\" data-elementor-lightbox-title=\"23-04-22 Hipica Sol Solet Concurs de Salt de Sant Jordi\" data-e-action-hash=\"#elementor-action%3Aaction%3Dlightbox%26settings%3DeyJpZCI6NDczLCJ1cmwiOiJodHRwczpcL1wvaGlwaWNhc29sc29sZXQuY29tXC93cC1jb250ZW50XC91cGxvYWRzXC8yMDI1XC8wNVwvZXNjdWVsYTRjdW1wbGUxLXNjYWxlZC5qcGciLCJzbGlkZXNob3ciOiIwNWI1NDIyIn0%3D\">\n\t\t\t\t\t<div class=\"e-gallery-image elementor-gallery-item__image\" data-thumbnail=\"https:\/\/hipicasolsolet.com\/wp-content\/uploads\/2025\/05\/escuela4cumple1-768x512.jpg\" data-width=\"768\" data-height=\"512\" aria-label=\"\" role=\"img\" ><\/div>\n\t\t\t\t\t\t\t\t\t\t\t<div class=\"elementor-gallery-item__overlay\"><\/div>\n\t\t\t\t\t\t\t\t\t\t\t\t\t\t<\/a>\n\t\t\t\t\t<\/div>\n\t\t\t\t\t<\/div>\n\t\t\t\t<\/div>\n\t\t\t\t\t<\/div>\n\t\t\t\t<\/div>\n\t\t\t\t<\/div>\n\t\t","protected":false},"excerpt":{"rendered":"<p>Vine a celebrar d&#8217;una manera diferent i especial el teu aniversari. En qu\u00e8 consisteix: El club Solet Solet us ofereix les nostres instal\u00b7lacions per gaudir a la natura amb cavalls i ponis. Mentre els vostres nens tenen un primer contacte amb els cavalls, els preparen i munten durant una hora, els pares i amics teniu [&hellip;]<\/p>\n","protected":false},"author":1,"featured_media":0,"parent":0,"menu_order":0,"comment_status":"closed","ping_status":"closed","template":"","meta":{"footnotes":""},"class_list":["post-740","page","type-page","status-publish","hentry"],"_links":{"self":[{"href":"https:\/\/hipicasolsolet.com\/ca\/wp-json\/wp\/v2\/pages\/740","targetHints":{"allow":["GET"]}}],"collection":[{"href":"https:\/\/hipicasolsolet.com\/ca\/wp-json\/wp\/v2\/pages"}],"about":[{"href":"https:\/\/hipicasolsolet.com\/ca\/wp-json\/wp\/v2\/types\/page"}],"author":[{"embeddable":true,"href":"https:\/\/hipicasolsolet.com\/ca\/wp-json\/wp\/v2\/users\/1"}],"replies":[{"embeddable":true,"href":"https:\/\/hipicasolsolet.com\/ca\/wp-json\/wp\/v2\/comments?post=740"}],"version-history":[{"count":1,"href":"https:\/\/hipicasolsolet.com\/ca\/wp-json\/wp\/v2\/pages\/740\/revisions"}],"predecessor-version":[{"id":743,"href":"https:\/\/hipicasolsolet.com\/ca\/wp-json\/wp\/v2\/pages\/740\/revisions\/743"}],"wp:attachment":[{"href":"https:\/\/hipicasolsolet.com\/ca\/wp-json\/wp\/v2\/media?parent=740"}],"curies":[{"name":"wp","href":"https:\/\/api.w.org\/{rel}","templated":true}]}}